{"id":10146,"date":"2025-03-12T18:31:14","date_gmt":"2025-03-12T18:31:14","guid":{"rendered":"https:\/\/ccdh-cnpc.ca\/?page_id=10146"},"modified":"2025-05-12T18:38:57","modified_gmt":"2025-05-12T18:38:57","slug":"ccdh-principles","status":"publish","type":"page","link":"https:\/\/ccdh-cnpc.ca\/fr\/ccdh-principles\/","title":{"rendered":"Les principes CNPC"},"content":{"rendered":"<p class=\"wp-block-paragraph\">L\u2019une des principales initiatives strat\u00e9giques de notre&nbsp;<a href=\"https:\/\/ccdh-cnpc.ca\/wp-content\/uploads\/2023\/05\/CCDH-Strategic-Framework_FR_V2.pdf\">cadre strat\u00e9gique<\/a>&nbsp;est de permettre la coordination intersectorielle des principes de contenu. Par cons\u00e9quent, nous avons d\u00e9velopp\u00e9 les&nbsp;&nbsp;<a href=\"https:\/\/ccdh-cnpc.ca\/wp-content\/uploads\/2024\/07\/FINAL-CCDH-Principles-FR.pdf\">principes CNPC<\/a>&nbsp;CNPC pour permettre la g\u00e9rance et la coordination intersectorielle des priorit\u00e9s de contenu pour la num\u00e9risation et la pr\u00e9servation num\u00e9rique. En tant que coalition, nous reconnaissons le pouvoir de la collaboration et l\u2019importance d\u2019\u00e9lever la voix collective de notre secteur, et nous sommes convaincus que nous allons plus loin lorsque nous agissons ensemble.<\/p>\n\n\n\n<p class=\"wp-block-paragraph\">&nbsp;Nous vous encourageons \u00e0 lire ces principes et \u00e0 les diffuser largement dans vos r\u00e9seaux !<\/p>\n\n\n\n<p class=\"wp-block-paragraph\">\u00c0 ce jour, les principes du CNPC ont \u00e9t\u00e9 approuv\u00e9s par les organisations suivantes : <\/p>\n\n\n\n<p class=\"wp-block-paragraph\">Association des biblioth\u00e8ques de recherche du Canada (ABRC)<\/p>\n\n\n\n<p class=\"wp-block-paragraph\">Council of Prairie and Pacific Libraries (COPPUL)<\/p>\n\n\n\n<p class=\"wp-block-paragraph\">Canadian Urban Libraries Council- Conseil des Biblioth\u00e8ques Urbaines du Canada (CULC- CBUC)<\/p>\n\n\n\n<p class=\"wp-block-paragraph\">R\u00e9seau canadien de documentation pour la recherche (RCDR)<\/p>\n\n\n\n<p class=\"wp-block-paragraph\">Ontario Council of University Libraries (OCUL)<\/p>\n\n\n\n<p class=\"wp-block-paragraph\">Council of Atlantic Academic Libraries- Conseil des biblioth\u00e8ques postsecondaires de l&#8217;Atlantique (CAAL-CBPA)<\/p>\n\n\n\n<p class=\"wp-block-paragraph\">Royal BC Museum (RBCM)<\/p>\n\n\n\n<div class=\"wp-block-columns is-layout-flex wp-container-core-columns-is-layout-8f761849 wp-block-columns-is-layout-flex\">\n<div class=\"wp-block-column is-vertically-aligned-center is-layout-flow wp-block-column-is-layout-flow\" style=\"flex-basis:100%\">\n<div class=\"wp-block-columns are-vertically-aligned-center is-layout-flex wp-container-core-columns-is-layout-8f761849 wp-block-columns-is-layout-flex\">\n<div class=\"wp-block-column is-vertically-aligned-center is-layout-flow wp-block-column-is-layout-flow\">\n<figure class=\"wp-block-coblocks-gallery-masonry masonry-grid has-medium-gutter\">\n<figure class=\"wp-block-image size-large\"><img data-recalc-dims=\"1\" loading=\"lazy\" decoding=\"async\" width=\"685\" height=\"267\" data-attachment-id=\"10265\" data-permalink=\"https:\/\/ccdh-cnpc.ca\/fr\/carl_stacked_colour_tagline_l\/\" data-orig-file=\"https:\/\/i0.wp.com\/ccdh-cnpc.ca\/wp-content\/uploads\/2025\/03\/CARL_Stacked_Colour_tagline_L.png?fit=1079%2C420&amp;ssl=1\" data-orig-size=\"1079,420\" data-comments-opened=\"1\" data-image-meta=\"{&quot;aperture&quot;:&quot;0&quot;,&quot;credit&quot;:&quot;&quot;,&quot;camera&quot;:&quot;&quot;,&quot;caption&quot;:&quot;&quot;,&quot;created_timestamp&quot;:&quot;0&quot;,&quot;copyright&quot;:&quot;&quot;,&quot;focal_length&quot;:&quot;0&quot;,&quot;iso&quot;:&quot;0&quot;,&quot;shutter_speed&quot;:&quot;0&quot;,&quot;title&quot;:&quot;&quot;,&quot;orientation&quot;:&quot;0&quot;}\" data-image-title=\"CARL_Stacked_Colour_tagline_L\" data-image-description=\"\" data-image-caption=\"\" data-large-file=\"https:\/\/i0.wp.com\/ccdh-cnpc.ca\/wp-content\/uploads\/2025\/03\/CARL_Stacked_Colour_tagline_L.png?fit=685%2C267&amp;ssl=1\" src=\"https:\/\/i0.wp.com\/ccdh-cnpc.ca\/wp-content\/uploads\/2025\/03\/CARL_Stacked_Colour_tagline_L.png?resize=685%2C267&#038;ssl=1\" alt=\"Image gallery image\" class=\"wp-image-10265\" srcset=\"https:\/\/i0.wp.com\/ccdh-cnpc.ca\/wp-content\/uploads\/2025\/03\/CARL_Stacked_Colour_tagline_L.png?w=1079&amp;ssl=1 1079w, https:\/\/i0.wp.com\/ccdh-cnpc.ca\/wp-content\/uploads\/2025\/03\/CARL_Stacked_Colour_tagline_L.png?resize=300%2C117&amp;ssl=1 300w, https:\/\/i0.wp.com\/ccdh-cnpc.ca\/wp-content\/uploads\/2025\/03\/CARL_Stacked_Colour_tagline_L.png?resize=1024%2C399&amp;ssl=1 1024w, https:\/\/i0.wp.com\/ccdh-cnpc.ca\/wp-content\/uploads\/2025\/03\/CARL_Stacked_Colour_tagline_L.png?resize=768%2C299&amp;ssl=1 768w, https:\/\/i0.wp.com\/ccdh-cnpc.ca\/wp-content\/uploads\/2025\/03\/CARL_Stacked_Colour_tagline_L.png?resize=18%2C7&amp;ssl=1 18w, https:\/\/i0.wp.com\/ccdh-cnpc.ca\/wp-content\/uploads\/2025\/03\/CARL_Stacked_Colour_tagline_L.png?resize=685%2C267&amp;ssl=1 685w\" sizes=\"auto, (max-width: 685px) 100vw, 685px\" \/><\/figure>\n\n\n\n<figure class=\"wp-block-image size-large\"><img data-recalc-dims=\"1\" loading=\"lazy\" decoding=\"async\" width=\"395\" height=\"129\" data-attachment-id=\"10264\" data-permalink=\"https:\/\/ccdh-cnpc.ca\/fr\/coppul-logo\/\" data-orig-file=\"https:\/\/i0.wp.com\/ccdh-cnpc.ca\/wp-content\/uploads\/2025\/03\/COPPUL-logo.png?fit=395%2C129&amp;ssl=1\" data-orig-size=\"395,129\" data-comments-opened=\"1\" data-image-meta=\"{&quot;aperture&quot;:&quot;0&quot;,&quot;credit&quot;:&quot;&quot;,&quot;camera&quot;:&quot;&quot;,&quot;caption&quot;:&quot;&quot;,&quot;created_timestamp&quot;:&quot;0&quot;,&quot;copyright&quot;:&quot;&quot;,&quot;focal_length&quot;:&quot;0&quot;,&quot;iso&quot;:&quot;0&quot;,&quot;shutter_speed&quot;:&quot;0&quot;,&quot;title&quot;:&quot;&quot;,&quot;orientation&quot;:&quot;0&quot;}\" data-image-title=\"COPPUL logo\" data-image-description=\"\" data-image-caption=\"\" data-large-file=\"https:\/\/i0.wp.com\/ccdh-cnpc.ca\/wp-content\/uploads\/2025\/03\/COPPUL-logo.png?fit=395%2C129&amp;ssl=1\" src=\"https:\/\/i0.wp.com\/ccdh-cnpc.ca\/wp-content\/uploads\/2025\/03\/COPPUL-logo.png?resize=395%2C129&#038;ssl=1\" alt=\"Image gallery image\" class=\"wp-image-10264\" srcset=\"https:\/\/i0.wp.com\/ccdh-cnpc.ca\/wp-content\/uploads\/2025\/03\/COPPUL-logo.png?w=395&amp;ssl=1 395w, https:\/\/i0.wp.com\/ccdh-cnpc.ca\/wp-content\/uploads\/2025\/03\/COPPUL-logo.png?resize=300%2C98&amp;ssl=1 300w, https:\/\/i0.wp.com\/ccdh-cnpc.ca\/wp-content\/uploads\/2025\/03\/COPPUL-logo.png?resize=18%2C6&amp;ssl=1 18w\" sizes=\"auto, (max-width: 395px) 100vw, 395px\" \/><\/figure>\n\n\n\n<figure class=\"wp-block-image size-large\"><img data-recalc-dims=\"1\" loading=\"lazy\" decoding=\"async\" width=\"685\" height=\"270\" data-attachment-id=\"10267\" data-permalink=\"https:\/\/ccdh-cnpc.ca\/fr\/crkn-v-logo-full-color-rgb\/\" data-orig-file=\"https:\/\/i0.wp.com\/ccdh-cnpc.ca\/wp-content\/uploads\/2025\/03\/crkn-v-logo-full-color-rgb.jpg?fit=3050%2C1201&amp;ssl=1\" data-orig-size=\"3050,1201\" data-comments-opened=\"1\" data-image-meta=\"{&quot;aperture&quot;:&quot;0&quot;,&quot;credit&quot;:&quot;&quot;,&quot;camera&quot;:&quot;&quot;,&quot;caption&quot;:&quot;&quot;,&quot;created_timestamp&quot;:&quot;0&quot;,&quot;copyright&quot;:&quot;&quot;,&quot;focal_length&quot;:&quot;0&quot;,&quot;iso&quot;:&quot;0&quot;,&quot;shutter_speed&quot;:&quot;0&quot;,&quot;title&quot;:&quot;&quot;,&quot;orientation&quot;:&quot;0&quot;}\" data-image-title=\"crkn-v-logo-full-color-rgb\" data-image-description=\"\" data-image-caption=\"\" data-large-file=\"https:\/\/i0.wp.com\/ccdh-cnpc.ca\/wp-content\/uploads\/2025\/03\/crkn-v-logo-full-color-rgb.jpg?fit=685%2C270&amp;ssl=1\" src=\"https:\/\/i0.wp.com\/ccdh-cnpc.ca\/wp-content\/uploads\/2025\/03\/crkn-v-logo-full-color-rgb.jpg?resize=685%2C270&#038;ssl=1\" alt=\"Image gallery image\" class=\"wp-image-10267\" srcset=\"https:\/\/i0.wp.com\/ccdh-cnpc.ca\/wp-content\/uploads\/2025\/03\/crkn-v-logo-full-color-rgb.jpg?w=3050&amp;ssl=1 3050w, https:\/\/i0.wp.com\/ccdh-cnpc.ca\/wp-content\/uploads\/2025\/03\/crkn-v-logo-full-color-rgb.jpg?resize=300%2C118&amp;ssl=1 300w, https:\/\/i0.wp.com\/ccdh-cnpc.ca\/wp-content\/uploads\/2025\/03\/crkn-v-logo-full-color-rgb.jpg?resize=1024%2C403&amp;ssl=1 1024w, https:\/\/i0.wp.com\/ccdh-cnpc.ca\/wp-content\/uploads\/2025\/03\/crkn-v-logo-full-color-rgb.jpg?resize=768%2C302&amp;ssl=1 768w, https:\/\/i0.wp.com\/ccdh-cnpc.ca\/wp-content\/uploads\/2025\/03\/crkn-v-logo-full-color-rgb.jpg?resize=1536%2C605&amp;ssl=1 1536w, https:\/\/i0.wp.com\/ccdh-cnpc.ca\/wp-content\/uploads\/2025\/03\/crkn-v-logo-full-color-rgb.jpg?resize=2048%2C806&amp;ssl=1 2048w, https:\/\/i0.wp.com\/ccdh-cnpc.ca\/wp-content\/uploads\/2025\/03\/crkn-v-logo-full-color-rgb.jpg?resize=18%2C7&amp;ssl=1 18w, https:\/\/i0.wp.com\/ccdh-cnpc.ca\/wp-content\/uploads\/2025\/03\/crkn-v-logo-full-color-rgb.jpg?resize=685%2C270&amp;ssl=1 685w, https:\/\/i0.wp.com\/ccdh-cnpc.ca\/wp-content\/uploads\/2025\/03\/crkn-v-logo-full-color-rgb.jpg?resize=2000%2C788&amp;ssl=1 2000w, https:\/\/i0.wp.com\/ccdh-cnpc.ca\/wp-content\/uploads\/2025\/03\/crkn-v-logo-full-color-rgb.jpg?w=1370&amp;ssl=1 1370w\" sizes=\"auto, (max-width: 685px) 100vw, 685px\" \/><\/figure>\n\n\n\n<figure class=\"wp-block-image size-large\"><img data-recalc-dims=\"1\" loading=\"lazy\" decoding=\"async\" width=\"685\" height=\"104\" data-attachment-id=\"10266\" data-permalink=\"https:\/\/ccdh-cnpc.ca\/fr\/ocul-logo\/\" data-orig-file=\"https:\/\/i0.wp.com\/ccdh-cnpc.ca\/wp-content\/uploads\/2025\/03\/OCUL-logo.png?fit=1168%2C178&amp;ssl=1\" data-orig-size=\"1168,178\" data-comments-opened=\"1\" data-image-meta=\"{&quot;aperture&quot;:&quot;0&quot;,&quot;credit&quot;:&quot;&quot;,&quot;camera&quot;:&quot;&quot;,&quot;caption&quot;:&quot;&quot;,&quot;created_timestamp&quot;:&quot;0&quot;,&quot;copyright&quot;:&quot;&quot;,&quot;focal_length&quot;:&quot;0&quot;,&quot;iso&quot;:&quot;0&quot;,&quot;shutter_speed&quot;:&quot;0&quot;,&quot;title&quot;:&quot;&quot;,&quot;orientation&quot;:&quot;0&quot;}\" data-image-title=\"OCUL logo\" data-image-description=\"\" data-image-caption=\"\" data-large-file=\"https:\/\/i0.wp.com\/ccdh-cnpc.ca\/wp-content\/uploads\/2025\/03\/OCUL-logo.png?fit=685%2C104&amp;ssl=1\" src=\"https:\/\/i0.wp.com\/ccdh-cnpc.ca\/wp-content\/uploads\/2025\/03\/OCUL-logo.png?resize=685%2C104&#038;ssl=1\" alt=\"Image gallery image\" class=\"wp-image-10266\" srcset=\"https:\/\/i0.wp.com\/ccdh-cnpc.ca\/wp-content\/uploads\/2025\/03\/OCUL-logo.png?w=1168&amp;ssl=1 1168w, https:\/\/i0.wp.com\/ccdh-cnpc.ca\/wp-content\/uploads\/2025\/03\/OCUL-logo.png?resize=300%2C46&amp;ssl=1 300w, https:\/\/i0.wp.com\/ccdh-cnpc.ca\/wp-content\/uploads\/2025\/03\/OCUL-logo.png?resize=1024%2C156&amp;ssl=1 1024w, https:\/\/i0.wp.com\/ccdh-cnpc.ca\/wp-content\/uploads\/2025\/03\/OCUL-logo.png?resize=768%2C117&amp;ssl=1 768w, https:\/\/i0.wp.com\/ccdh-cnpc.ca\/wp-content\/uploads\/2025\/03\/OCUL-logo.png?resize=18%2C3&amp;ssl=1 18w, https:\/\/i0.wp.com\/ccdh-cnpc.ca\/wp-content\/uploads\/2025\/03\/OCUL-logo.png?resize=685%2C104&amp;ssl=1 685w\" sizes=\"auto, (max-width: 685px) 100vw, 685px\" \/><\/figure>\n\n\n\n<figure class=\"wp-block-image size-large\"><img data-recalc-dims=\"1\" loading=\"lazy\" decoding=\"async\" width=\"685\" height=\"172\" data-attachment-id=\"10643\" data-permalink=\"https:\/\/ccdh-cnpc.ca\/fr\/caal-cbpa_logo_base_ccdh_cropped\/\" data-orig-file=\"https:\/\/i0.wp.com\/ccdh-cnpc.ca\/wp-content\/uploads\/2025\/05\/CAAL-CBPA_Logo_Base_CCDH_cropped.png?fit=6704%2C1681&amp;ssl=1\" data-orig-size=\"6704,1681\" data-comments-opened=\"1\" data-image-meta=\"{&quot;aperture&quot;:&quot;0&quot;,&quot;credit&quot;:&quot;&quot;,&quot;camera&quot;:&quot;&quot;,&quot;caption&quot;:&quot;&quot;,&quot;created_timestamp&quot;:&quot;0&quot;,&quot;copyright&quot;:&quot;&quot;,&quot;focal_length&quot;:&quot;0&quot;,&quot;iso&quot;:&quot;0&quot;,&quot;shutter_speed&quot;:&quot;0&quot;,&quot;title&quot;:&quot;&quot;,&quot;orientation&quot;:&quot;0&quot;}\" data-image-title=\"CAAL-CBPA_Logo_Base_CCDH_cropped\" data-image-description=\"\" data-image-caption=\"\" data-large-file=\"https:\/\/i0.wp.com\/ccdh-cnpc.ca\/wp-content\/uploads\/2025\/05\/CAAL-CBPA_Logo_Base_CCDH_cropped.png?fit=685%2C172&amp;ssl=1\" src=\"https:\/\/i0.wp.com\/ccdh-cnpc.ca\/wp-content\/uploads\/2025\/05\/CAAL-CBPA_Logo_Base_CCDH_cropped.png?resize=685%2C172&#038;ssl=1\" alt=\"Image gallery image\" class=\"wp-image-10643\" srcset=\"https:\/\/i0.wp.com\/ccdh-cnpc.ca\/wp-content\/uploads\/2025\/05\/CAAL-CBPA_Logo_Base_CCDH_cropped.png?w=6704&amp;ssl=1 6704w, https:\/\/i0.wp.com\/ccdh-cnpc.ca\/wp-content\/uploads\/2025\/05\/CAAL-CBPA_Logo_Base_CCDH_cropped.png?resize=300%2C75&amp;ssl=1 300w, https:\/\/i0.wp.com\/ccdh-cnpc.ca\/wp-content\/uploads\/2025\/05\/CAAL-CBPA_Logo_Base_CCDH_cropped.png?resize=1024%2C257&amp;ssl=1 1024w, https:\/\/i0.wp.com\/ccdh-cnpc.ca\/wp-content\/uploads\/2025\/05\/CAAL-CBPA_Logo_Base_CCDH_cropped.png?resize=768%2C193&amp;ssl=1 768w, https:\/\/i0.wp.com\/ccdh-cnpc.ca\/wp-content\/uploads\/2025\/05\/CAAL-CBPA_Logo_Base_CCDH_cropped.png?resize=1536%2C385&amp;ssl=1 1536w, https:\/\/i0.wp.com\/ccdh-cnpc.ca\/wp-content\/uploads\/2025\/05\/CAAL-CBPA_Logo_Base_CCDH_cropped.png?resize=2048%2C514&amp;ssl=1 2048w, https:\/\/i0.wp.com\/ccdh-cnpc.ca\/wp-content\/uploads\/2025\/05\/CAAL-CBPA_Logo_Base_CCDH_cropped.png?resize=18%2C5&amp;ssl=1 18w, https:\/\/i0.wp.com\/ccdh-cnpc.ca\/wp-content\/uploads\/2025\/05\/CAAL-CBPA_Logo_Base_CCDH_cropped.png?resize=685%2C172&amp;ssl=1 685w, https:\/\/i0.wp.com\/ccdh-cnpc.ca\/wp-content\/uploads\/2025\/05\/CAAL-CBPA_Logo_Base_CCDH_cropped.png?resize=2000%2C501&amp;ssl=1 2000w, https:\/\/i0.wp.com\/ccdh-cnpc.ca\/wp-content\/uploads\/2025\/05\/CAAL-CBPA_Logo_Base_CCDH_cropped.png?w=1370&amp;ssl=1 1370w\" sizes=\"auto, (max-width: 685px) 100vw, 685px\" \/><\/figure>\n\n\n\n<figure class=\"wp-block-image size-large\"><img data-recalc-dims=\"1\" loading=\"lazy\" decoding=\"async\" width=\"685\" height=\"182\" data-attachment-id=\"10679\" data-permalink=\"https:\/\/ccdh-cnpc.ca\/fr\/rbcm-horizontal-logo-blk\/\" data-orig-file=\"https:\/\/i0.wp.com\/ccdh-cnpc.ca\/wp-content\/uploads\/2025\/05\/RBCM-HORIZONTAL-LOGO-BLK.png?fit=1515%2C402&amp;ssl=1\" data-orig-size=\"1515,402\" data-comments-opened=\"1\" data-image-meta=\"{&quot;aperture&quot;:&quot;0&quot;,&quot;credit&quot;:&quot;&quot;,&quot;camera&quot;:&quot;&quot;,&quot;caption&quot;:&quot;&quot;,&quot;created_timestamp&quot;:&quot;0&quot;,&quot;copyright&quot;:&quot;&quot;,&quot;focal_length&quot;:&quot;0&quot;,&quot;iso&quot;:&quot;0&quot;,&quot;shutter_speed&quot;:&quot;0&quot;,&quot;title&quot;:&quot;&quot;,&quot;orientation&quot;:&quot;0&quot;}\" data-image-title=\"RBCM-HORIZONTAL-LOGO-BLK\" data-image-description=\"\" data-image-caption=\"\" data-large-file=\"https:\/\/i0.wp.com\/ccdh-cnpc.ca\/wp-content\/uploads\/2025\/05\/RBCM-HORIZONTAL-LOGO-BLK.png?fit=685%2C182&amp;ssl=1\" src=\"https:\/\/i0.wp.com\/ccdh-cnpc.ca\/wp-content\/uploads\/2025\/05\/RBCM-HORIZONTAL-LOGO-BLK.png?resize=685%2C182&#038;ssl=1\" alt=\"Image gallery image\" class=\"wp-image-10679\" srcset=\"https:\/\/i0.wp.com\/ccdh-cnpc.ca\/wp-content\/uploads\/2025\/05\/RBCM-HORIZONTAL-LOGO-BLK.png?w=1515&amp;ssl=1 1515w, https:\/\/i0.wp.com\/ccdh-cnpc.ca\/wp-content\/uploads\/2025\/05\/RBCM-HORIZONTAL-LOGO-BLK.png?resize=300%2C80&amp;ssl=1 300w, https:\/\/i0.wp.com\/ccdh-cnpc.ca\/wp-content\/uploads\/2025\/05\/RBCM-HORIZONTAL-LOGO-BLK.png?resize=1024%2C272&amp;ssl=1 1024w, https:\/\/i0.wp.com\/ccdh-cnpc.ca\/wp-content\/uploads\/2025\/05\/RBCM-HORIZONTAL-LOGO-BLK.png?resize=768%2C204&amp;ssl=1 768w, https:\/\/i0.wp.com\/ccdh-cnpc.ca\/wp-content\/uploads\/2025\/05\/RBCM-HORIZONTAL-LOGO-BLK.png?resize=18%2C5&amp;ssl=1 18w, https:\/\/i0.wp.com\/ccdh-cnpc.ca\/wp-content\/uploads\/2025\/05\/RBCM-HORIZONTAL-LOGO-BLK.png?resize=685%2C182&amp;ssl=1 685w, https:\/\/i0.wp.com\/ccdh-cnpc.ca\/wp-content\/uploads\/2025\/05\/RBCM-HORIZONTAL-LOGO-BLK.png?w=1370&amp;ssl=1 1370w\" sizes=\"auto, (max-width: 685px) 100vw, 685px\" \/><\/figure>\n\n\n\n<figure class=\"wp-block-image size-large\"><img data-recalc-dims=\"1\" loading=\"lazy\" decoding=\"async\" width=\"685\" height=\"184\" data-attachment-id=\"10726\" data-permalink=\"https:\/\/ccdh-cnpc.ca\/fr\/logo-culc-2024-main-stacked-centre\/\" data-orig-file=\"https:\/\/i0.wp.com\/ccdh-cnpc.ca\/wp-content\/uploads\/2025\/05\/logo-CULC-2024-main-stacked-centre.png?fit=2000%2C536&amp;ssl=1\" data-orig-size=\"2000,536\" data-comments-opened=\"1\" data-image-meta=\"{&quot;aperture&quot;:&quot;0&quot;,&quot;credit&quot;:&quot;&quot;,&quot;camera&quot;:&quot;&quot;,&quot;caption&quot;:&quot;&quot;,&quot;created_timestamp&quot;:&quot;0&quot;,&quot;copyright&quot;:&quot;&quot;,&quot;focal_length&quot;:&quot;0&quot;,&quot;iso&quot;:&quot;0&quot;,&quot;shutter_speed&quot;:&quot;0&quot;,&quot;title&quot;:&quot;&quot;,&quot;orientation&quot;:&quot;0&quot;}\" data-image-title=\"logo-CULC-2024-main-stacked-centre\" data-image-description=\"\" data-image-caption=\"\" data-large-file=\"https:\/\/i0.wp.com\/ccdh-cnpc.ca\/wp-content\/uploads\/2025\/05\/logo-CULC-2024-main-stacked-centre.png?fit=685%2C183&amp;ssl=1\" src=\"https:\/\/i0.wp.com\/ccdh-cnpc.ca\/wp-content\/uploads\/2025\/05\/logo-CULC-2024-main-stacked-centre.png?resize=685%2C184&#038;ssl=1\" alt=\"Image gallery image\" class=\"wp-image-10726\" srcset=\"https:\/\/i0.wp.com\/ccdh-cnpc.ca\/wp-content\/uploads\/2025\/05\/logo-CULC-2024-main-stacked-centre.png?w=2000&amp;ssl=1 2000w, https:\/\/i0.wp.com\/ccdh-cnpc.ca\/wp-content\/uploads\/2025\/05\/logo-CULC-2024-main-stacked-centre.png?resize=300%2C80&amp;ssl=1 300w, https:\/\/i0.wp.com\/ccdh-cnpc.ca\/wp-content\/uploads\/2025\/05\/logo-CULC-2024-main-stacked-centre.png?resize=1024%2C274&amp;ssl=1 1024w, https:\/\/i0.wp.com\/ccdh-cnpc.ca\/wp-content\/uploads\/2025\/05\/logo-CULC-2024-main-stacked-centre.png?resize=768%2C206&amp;ssl=1 768w, https:\/\/i0.wp.com\/ccdh-cnpc.ca\/wp-content\/uploads\/2025\/05\/logo-CULC-2024-main-stacked-centre.png?resize=1536%2C412&amp;ssl=1 1536w, https:\/\/i0.wp.com\/ccdh-cnpc.ca\/wp-content\/uploads\/2025\/05\/logo-CULC-2024-main-stacked-centre.png?resize=18%2C5&amp;ssl=1 18w, https:\/\/i0.wp.com\/ccdh-cnpc.ca\/wp-content\/uploads\/2025\/05\/logo-CULC-2024-main-stacked-centre.png?resize=685%2C184&amp;ssl=1 685w, https:\/\/i0.wp.com\/ccdh-cnpc.ca\/wp-content\/uploads\/2025\/05\/logo-CULC-2024-main-stacked-centre.png?w=1370&amp;ssl=1 1370w\" sizes=\"auto, (max-width: 685px) 100vw, 685px\" \/><\/figure>\n<\/figure>\n<\/div>\n<\/div>\n<\/div>\n<\/div>\n\n\n\n<p class=\"wp-block-paragraph\"><\/p>","protected":false},"excerpt":{"rendered":"<p>One of the core strategic initiatives from our&nbsp;strategic framework&nbsp;is to enable cross-sectoral coordination of content principles. As a result, we have developed the CCDH&nbsp;&nbsp;Principles&nbsp;to enable the stewardship and cross-sectoral coordination of content priorities for digitization and digital preservation. As a coalition, we recognize the power of collaboration and the importance of elevating the collective voice &hellip; <a href=\"https:\/\/ccdh-cnpc.ca\/fr\/ccdh-principles\/\" class=\"more-link\">Lire la suite <span class=\"screen-reader-text\">Les principes CNPC<\/span><\/a><\/p>","protected":false},"author":6171404,"featured_media":0,"parent":0,"menu_order":0,"comment_status":"closed","ping_status":"closed","template":"","meta":{"_coblocks_attr":"","_coblocks_dimensions":"","_coblocks_responsive_height":"","_coblocks_accordion_ie_support":"","_crdt_document":"","advanced_seo_description":"","jetpack_seo_html_title":"","jetpack_seo_noindex":false,"footnotes":""},"class_list":["post-10146","page","type-page","status-publish","hentry"],"jetpack_likes_enabled":true,"jetpack_sharing_enabled":true,"jetpack_shortlink":"https:\/\/wp.me\/P7tIpt-2DE","_links":{"self":[{"href":"https:\/\/ccdh-cnpc.ca\/fr\/wp-json\/wp\/v2\/pages\/10146","targetHints":{"allow":["GET"]}}],"collection":[{"href":"https:\/\/ccdh-cnpc.ca\/fr\/wp-json\/wp\/v2\/pages"}],"about":[{"href":"https:\/\/ccdh-cnpc.ca\/fr\/wp-json\/wp\/v2\/types\/page"}],"author":[{"embeddable":true,"href":"https:\/\/ccdh-cnpc.ca\/fr\/wp-json\/wp\/v2\/users\/6171404"}],"replies":[{"embeddable":true,"href":"https:\/\/ccdh-cnpc.ca\/fr\/wp-json\/wp\/v2\/comments?post=10146"}],"version-history":[{"count":15,"href":"https:\/\/ccdh-cnpc.ca\/fr\/wp-json\/wp\/v2\/pages\/10146\/revisions"}],"predecessor-version":[{"id":10736,"href":"https:\/\/ccdh-cnpc.ca\/fr\/wp-json\/wp\/v2\/pages\/10146\/revisions\/10736"}],"wp:attachment":[{"href":"https:\/\/ccdh-cnpc.ca\/fr\/wp-json\/wp\/v2\/media?parent=10146"}],"curies":[{"name":"wp","href":"https:\/\/api.w.org\/{rel}","templated":true}]}}