{"id":2,"date":"2016-04-25T17:36:52","date_gmt":"2016-04-25T17:36:52","guid":{"rendered":"https:\/\/ccdh-cnpc.ca\/about\/"},"modified":"2023-06-21T19:29:22","modified_gmt":"2023-06-21T19:29:22","slug":"about","status":"publish","type":"page","link":"https:\/\/ccdh-cnpc.ca\/fr\/about\/","title":{"rendered":""},"content":{"rendered":"<h1>Coalition pour la num\u00e9risation du patrimoine canadien (CNPC)<\/h1>\n<h3><b>Notre vision<\/b><\/h3>\n<p><span style=\"font-weight: 400;\">B\u00e2tir un avenir inclusif en r\u00e9v\u00e9lant nos diverses histoires.\u00a0<\/span><\/p>\n<h3><b>Notre mission<\/b><\/h3>\n<p><span style=\"font-weight: 400;\">La Coalition pour la num\u00e9risation du patrimoine canadien appuie la num\u00e9risation, l\u2019acc\u00e8s et la pr\u00e9servation du contenu culturel patrimonial \u00e0 des fins de d\u00e9couverte et d\u2019innovation.<\/span><\/p>\n<h3><strong>\u00e0 propos de la CNPC<\/strong><\/h3>\n<p><span style=\"font-weight: 400;\">La Coalition pour la num\u00e9risation du patrimoine canadien (CNPC) est une coalition intersectorielle d\u2019institutions de la m\u00e9moire collective qui se sont engag\u00e9es \u00e0 \u00e9largir l\u2019acc\u00e8s num\u00e9rique au patrimoine du Canada. La coalition cherche \u00e0 b\u00e2tir une communaut\u00e9 de pratique inclusive, en facilitant et en coordonnant la collaboration, les capacit\u00e9s et les ressources pour atteindre des objectifs communs. La CNPC fournit un cadre de collaboration aux personnes et aux organisations en vue de faire progresser les priorit\u00e9s, les projets et les initiatives \u00e0 court et \u00e0 long terme d\u00e9termin\u00e9s par la communaut\u00e9, tout en partageant les ressources et l\u2019expertise et en \u00e9vitant le d\u00e9doublement des efforts. En nous unissant en tant que coalition, nous exploitons plus efficacement les ressources disponibles et plaidons pour un avenir durable du patrimoine num\u00e9rique canadien.\u00a0<\/span><\/p>\n<p><strong>La CNPC reconna\u00eet les territoires des nations et des peuples autochtones qui existent sur les terres aujourd\u2019hui connues sous le nom de Canada. La CNPC s\u2019engage \u00e0 respecter les droits inh\u00e9rents des peuples autochtones \u00e0 la dignit\u00e9 et \u00e0 la diversit\u00e9 de leurs cultures, traditions, histoires et aspirations.<\/strong><\/p>\n<ul>\n<li><a href=\"https:\/\/ccdh-cnpc.ca\/fr\/about\/steering-committee-and-secretariat\/\">La gouvernance<\/a><\/li>\n<li><a href=\"https:\/\/ccdh-cnpc.ca\/fr\/history-2\/\">Histoire<\/a><\/li>\n<\/ul>","protected":false},"excerpt":{"rendered":"<p>This is just a short excerpt for the about&nbsp;page.<\/p>","protected":false},"author":6171404,"featured_media":0,"parent":0,"menu_order":1,"comment_status":"closed","ping_status":"closed","template":"","meta":{"_coblocks_attr":"","_coblocks_dimensions":"","_coblocks_responsive_height":"","_coblocks_accordion_ie_support":"","_crdt_document":"","advanced_seo_description":"","jetpack_seo_html_title":"","jetpack_seo_noindex":false,"footnotes":""},"class_list":["post-2","page","type-page","status-publish","hentry"],"jetpack_likes_enabled":null,"jetpack_sharing_enabled":false,"jetpack_shortlink":"https:\/\/wp.me\/P7tIpt-2","_links":{"self":[{"href":"https:\/\/ccdh-cnpc.ca\/fr\/wp-json\/wp\/v2\/pages\/2","targetHints":{"allow":["GET"]}}],"collection":[{"href":"https:\/\/ccdh-cnpc.ca\/fr\/wp-json\/wp\/v2\/pages"}],"about":[{"href":"https:\/\/ccdh-cnpc.ca\/fr\/wp-json\/wp\/v2\/types\/page"}],"author":[{"embeddable":true,"href":"https:\/\/ccdh-cnpc.ca\/fr\/wp-json\/wp\/v2\/users\/6171404"}],"replies":[{"embeddable":true,"href":"https:\/\/ccdh-cnpc.ca\/fr\/wp-json\/wp\/v2\/comments?post=2"}],"version-history":[{"count":17,"href":"https:\/\/ccdh-cnpc.ca\/fr\/wp-json\/wp\/v2\/pages\/2\/revisions"}],"predecessor-version":[{"id":6758,"href":"https:\/\/ccdh-cnpc.ca\/fr\/wp-json\/wp\/v2\/pages\/2\/revisions\/6758"}],"wp:attachment":[{"href":"https:\/\/ccdh-cnpc.ca\/fr\/wp-json\/wp\/v2\/media?parent=2"}],"curies":[{"name":"wp","href":"https:\/\/api.w.org\/{rel}","templated":true}]}}